{"id":25,"date":"2024-09-13T12:00:27","date_gmt":"2024-09-13T10:00:27","guid":{"rendered":"https:\/\/adrgimenez.com\/?page_id=25"},"modified":"2024-10-14T08:30:52","modified_gmt":"2024-10-14T06:30:52","slug":"sobre-mi","status":"publish","type":"page","link":"https:\/\/adrgimenez.com\/en\/sobre-mi\/","title":{"rendered":"About me"},"content":{"rendered":"<div class=\"wp-block-group alignfull is-layout-grid wp-container-core-group-is-layout-7f5b8899 wp-block-group-is-layout-grid\">\n<div class=\"wp-block-group wp-container-content-1667017c is-layout-flow wp-container-core-group-is-layout-81d5c4b5 wp-block-group-is-layout-flow\">\n<p>I studied <strong>Translation and Interpretation<\/strong> (University of Alicante and Hogeschool Antwerpen\/KU Leuven, 2015) and, subsequently, I moved to Barcelona to study a Master's degree in <strong>Translation, Interpretation and Intercultural Studies<\/strong> with a specialization in Conference Interpreting (Universidad Aut\u00f3noma de Barcelona, 2016). Once I started my professional activity in the field of teaching, I also completed a Master's degree in <strong>Teachers of Spanish as a Foreign Language<\/strong> (Universidad Carlos III de Madrid, 2018) and, recently, I finished the Master's degree in <strong>Professional Edition<\/strong> (Taller de los Libros, 2024), organized by Editorial \u00c1tico de los Libros.<\/p>\n\n\n\n<p>I am <strong>member of ASETRAD<\/strong>I have more than 200 hours of specialized training in the following areas <strong>legal translation<\/strong> by the Academy of Great Translators and I continue to actively train myself by taking specialized courses and obtaining certificates, such as some of those organized by associations like ASETRAD and ATRAE and companies like RWS, about <strong>translation of comics and graphic novels<\/strong>, <strong>translation of board games<\/strong>, <strong>artificial intelligence in the field of translation and interpreting<\/strong> o <strong>posedition<\/strong>among other subjects. I have also worked in the offices of a publishing house correcting texts of various nature (short stories, manga, historical books...) for different publishing houses.<\/p>\n\n\n\n<p>In addition to having more than 1000 hours of teaching English and Spanish behind me, in 2013 I started working on my first assignments, starting with video game localization and comic book translation and proofreading. After a long period in which I combined translation with other activities, in 2023 I decided to dedicate myself solely to the translation, proofreading and interpreting sector. Through many hours of training and hands-on experience, I have specialized in <strong>video game localization<\/strong>, <strong>translation and proofreading of comics and other literary texts<\/strong>, <strong>legal translation<\/strong> y <strong>translation in academia and education<\/strong>.<\/p>\n\n\n\n<p>The <strong>liaison interpreting<\/strong> is another of my specialties and I really enjoy the close contact that this modality implies, since it allows me to accompany my clients at all times and work side by side so that their projects grow and reach new horizons.<\/p>\n\n\n\n<p>On a personal level, chess is one of my great passions (both personally and professionally, since I usually collaborate as a volunteer in the Lichess platform translating and correcting texts in Spanish and Catalan) and I am a great lover of science fiction, dark fantasy and essays. I also follow with interest current affairs and everything related to the geopolitical field and the military industry, and I am a staunch enthusiast of board games and the world of videogames.<\/p>\n\n\n\n<p><strong>TOOLS AND LABOR:<\/strong><\/p>\n\n\n\n<p>I am used to working with <strong>SDL Trados 2022<\/strong>but I also handle other tools such as <strong>MemoQ<\/strong> y <strong>Crowdin<\/strong> and I am familiar with OmegaT and various CAT web platforms. In addition, I am also proficient in <strong>InDesign<\/strong> to be able to lay out texts and manage projects that require its use, as well as the package <strong>Office 365<\/strong> and its open versions: OpenOffice and LibreOffice.<\/p>\n\n\n\n<p>Each text has to be treated and evaluated individually, as the levels of specialization, technicality and complexity, as well as the need for documentation, can vary greatly from one case to another. In addition, ideally it is always necessary to allow some time to review the project again to ensure the naturalness and fluency of the text. However, I am generally able to <strong>translate between 2000 and 3000 words per day<\/strong> and of <strong>review and proofread around 6,000 words per day<\/strong>However, everything will depend on the characteristics of the text and the needs of the assignment.<\/p>\n<\/div>\n<\/div>","protected":false},"excerpt":{"rendered":"<p>Estudi\u00e9 Traducci\u00f3n e Interpretaci\u00f3n (Universidad de Alicante y Hogeschool Antwerpen\/KU Leuven, 2015) y, posteriormente, me desplac\u00e9 a Barcelona para estudiar un M\u00e1ster de Traducci\u00f3n, Interpretaci\u00f3n y Estudios Interculturales con especializaci\u00f3n en Interpretaci\u00f3n de Conferencias (Universidad Aut\u00f3noma de Barcelona, 2016). Una vez comenzada mi actividad profesional en el \u00e1mbito de la docencia, tambi\u00e9n complet\u00e9 un M\u00e1ster [&hellip;]<\/p>\n","protected":false},"author":5,"featured_media":0,"parent":0,"menu_order":0,"comment_status":"closed","ping_status":"open","template":"","meta":{"footnotes":""},"class_list":["post-25","page","type-page","status-publish","hentry"],"yoast_head":"<!-- This site is optimized with the Yoast SEO plugin v27.4 - https:\/\/yoast.com\/product\/yoast-seo-wordpress\/ -->\n<title>Sobre m\u00ed - Adri\u00e1n Gim\u00e9nez<\/title>\n<meta name=\"description\" content=\"Estudi\u00e9 Traducci\u00f3n e Interpretaci\u00f3n (Universidad de Alicante y Hogeschool Antwerpen\/KU Leuven, 2015) y, posteriormente, me desplac\u00e9 a Barcelona para\" \/>\n<meta name=\"robots\" content=\"index, follow, max-snippet:-1, max-image-preview:large, max-video-preview:-1\" \/>\n<link rel=\"canonical\" href=\"https:\/\/adrgimenez.com\/en\/sobre-mi\/\" \/>\n<meta property=\"og:locale\" content=\"en_US\" \/>\n<meta property=\"og:type\" content=\"article\" \/>\n<meta property=\"og:title\" content=\"Sobre m\u00ed - Adri\u00e1n Gim\u00e9nez\" \/>\n<meta property=\"og:description\" content=\"Estudi\u00e9 Traducci\u00f3n e Interpretaci\u00f3n (Universidad de Alicante y Hogeschool Antwerpen\/KU Leuven, 2015) y, posteriormente, me desplac\u00e9 a Barcelona para\" \/>\n<meta property=\"og:url\" content=\"https:\/\/adrgimenez.com\/en\/sobre-mi\/\" \/>\n<meta property=\"og:site_name\" content=\"Adri\u00e1n Gim\u00e9nez\" \/>\n<meta property=\"article:modified_time\" content=\"2024-10-14T06:30:52+00:00\" \/>\n<meta property=\"og:image\" content=\"https:\/\/adrgimenez.com\/media\/cover.jpg\" \/>\n\t<meta property=\"og:image:width\" content=\"1200\" \/>\n\t<meta property=\"og:image:height\" content=\"675\" \/>\n\t<meta property=\"og:image:type\" content=\"image\/jpeg\" \/>\n<meta name=\"twitter:card\" content=\"summary_large_image\" \/>\n<script type=\"application\/ld+json\" class=\"yoast-schema-graph\">{\"@context\":\"https:\\\/\\\/schema.org\",\"@graph\":[{\"@type\":\"WebPage\",\"@id\":\"https:\\\/\\\/adrgimenez.com\\\/sobre-mi\\\/\",\"url\":\"https:\\\/\\\/adrgimenez.com\\\/sobre-mi\\\/\",\"name\":\"Sobre m\u00ed - Adri\u00e1n Gim\u00e9nez\",\"isPartOf\":{\"@id\":\"https:\\\/\\\/adrgimenez.com\\\/#website\"},\"datePublished\":\"2024-09-13T10:00:27+00:00\",\"dateModified\":\"2024-10-14T06:30:52+00:00\",\"description\":\"Estudi\u00e9 Traducci\u00f3n e Interpretaci\u00f3n (Universidad de Alicante y Hogeschool Antwerpen\\\/KU Leuven, 2015) y, posteriormente, me desplac\u00e9 a Barcelona para\",\"breadcrumb\":{\"@id\":\"https:\\\/\\\/adrgimenez.com\\\/sobre-mi\\\/#breadcrumb\"},\"inLanguage\":\"en-US\",\"potentialAction\":[{\"@type\":\"ReadAction\",\"target\":[\"https:\\\/\\\/adrgimenez.com\\\/sobre-mi\\\/\"]}]},{\"@type\":\"BreadcrumbList\",\"@id\":\"https:\\\/\\\/adrgimenez.com\\\/sobre-mi\\\/#breadcrumb\",\"itemListElement\":[{\"@type\":\"ListItem\",\"position\":1,\"name\":\"Portada\",\"item\":\"https:\\\/\\\/adrgimenez.com\\\/\"},{\"@type\":\"ListItem\",\"position\":2,\"name\":\"Sobre m\u00ed\"}]},{\"@type\":\"WebSite\",\"@id\":\"https:\\\/\\\/adrgimenez.com\\\/#website\",\"url\":\"https:\\\/\\\/adrgimenez.com\\\/\",\"name\":\"Adri\u00e1n Gim\u00e9nez\",\"description\":\"Traductor\",\"publisher\":{\"@id\":\"https:\\\/\\\/adrgimenez.com\\\/#\\\/schema\\\/person\\\/1efdf9b6da19e544ccb7d0730bcb8964\"},\"potentialAction\":[{\"@type\":\"SearchAction\",\"target\":{\"@type\":\"EntryPoint\",\"urlTemplate\":\"https:\\\/\\\/adrgimenez.com\\\/?s={search_term_string}\"},\"query-input\":{\"@type\":\"PropertyValueSpecification\",\"valueRequired\":true,\"valueName\":\"search_term_string\"}}],\"inLanguage\":\"en-US\"},{\"@type\":[\"Person\",\"Organization\"],\"@id\":\"https:\\\/\\\/adrgimenez.com\\\/#\\\/schema\\\/person\\\/1efdf9b6da19e544ccb7d0730bcb8964\",\"name\":\"Adri\u00e1n Gim\u00e9nez Molina\",\"image\":{\"@type\":\"ImageObject\",\"inLanguage\":\"en-US\",\"@id\":\"https:\\\/\\\/adrgimenez.com\\\/media\\\/logo-icon.svg\",\"url\":\"https:\\\/\\\/adrgimenez.com\\\/media\\\/logo-icon.svg\",\"contentUrl\":\"https:\\\/\\\/adrgimenez.com\\\/media\\\/logo-icon.svg\",\"width\":1,\"height\":1,\"caption\":\"Adri\u00e1n Gim\u00e9nez Molina\"},\"logo\":{\"@id\":\"https:\\\/\\\/adrgimenez.com\\\/media\\\/logo-icon.svg\"}}]}<\/script>\n<!-- \/ Yoast SEO plugin. -->","yoast_head_json":{"title":"About me - Adri\u00e1n Gim\u00e9nez","description":"I studied Translation and Interpreting (University of Alicante and Hogeschool Antwerpen\/KU Leuven, 2015) and, later, I moved to Barcelona for","robots":{"index":"index","follow":"follow","max-snippet":"max-snippet:-1","max-image-preview":"max-image-preview:large","max-video-preview":"max-video-preview:-1"},"canonical":"https:\/\/adrgimenez.com\/en\/sobre-mi\/","og_locale":"en_US","og_type":"article","og_title":"Sobre m\u00ed - Adri\u00e1n Gim\u00e9nez","og_description":"Estudi\u00e9 Traducci\u00f3n e Interpretaci\u00f3n (Universidad de Alicante y Hogeschool Antwerpen\/KU Leuven, 2015) y, posteriormente, me desplac\u00e9 a Barcelona para","og_url":"https:\/\/adrgimenez.com\/en\/sobre-mi\/","og_site_name":"Adri\u00e1n Gim\u00e9nez","article_modified_time":"2024-10-14T06:30:52+00:00","og_image":[{"width":1200,"height":675,"url":"https:\/\/adrgimenez.com\/media\/cover.jpg","type":"image\/jpeg"}],"twitter_card":"summary_large_image","schema":{"@context":"https:\/\/schema.org","@graph":[{"@type":"WebPage","@id":"https:\/\/adrgimenez.com\/sobre-mi\/","url":"https:\/\/adrgimenez.com\/sobre-mi\/","name":"About me - Adri\u00e1n Gim\u00e9nez","isPartOf":{"@id":"https:\/\/adrgimenez.com\/#website"},"datePublished":"2024-09-13T10:00:27+00:00","dateModified":"2024-10-14T06:30:52+00:00","description":"I studied Translation and Interpreting (University of Alicante and Hogeschool Antwerpen\/KU Leuven, 2015) and, later, I moved to Barcelona for","breadcrumb":{"@id":"https:\/\/adrgimenez.com\/sobre-mi\/#breadcrumb"},"inLanguage":"en-US","potentialAction":[{"@type":"ReadAction","target":["https:\/\/adrgimenez.com\/sobre-mi\/"]}]},{"@type":"BreadcrumbList","@id":"https:\/\/adrgimenez.com\/sobre-mi\/#breadcrumb","itemListElement":[{"@type":"ListItem","position":1,"name":"Portada","item":"https:\/\/adrgimenez.com\/"},{"@type":"ListItem","position":2,"name":"Sobre m\u00ed"}]},{"@type":"WebSite","@id":"https:\/\/adrgimenez.com\/#website","url":"https:\/\/adrgimenez.com\/","name":"Adrian Gimenez","description":"Translator","publisher":{"@id":"https:\/\/adrgimenez.com\/#\/schema\/person\/1efdf9b6da19e544ccb7d0730bcb8964"},"potentialAction":[{"@type":"SearchAction","target":{"@type":"EntryPoint","urlTemplate":"https:\/\/adrgimenez.com\/?s={search_term_string}"},"query-input":{"@type":"PropertyValueSpecification","valueRequired":true,"valueName":"search_term_string"}}],"inLanguage":"en-US"},{"@type":["Person","Organization"],"@id":"https:\/\/adrgimenez.com\/#\/schema\/person\/1efdf9b6da19e544ccb7d0730bcb8964","name":"Adri\u00e1n Gim\u00e9nez Molina","image":{"@type":"ImageObject","inLanguage":"en-US","@id":"https:\/\/adrgimenez.com\/media\/logo-icon.svg","url":"https:\/\/adrgimenez.com\/media\/logo-icon.svg","contentUrl":"https:\/\/adrgimenez.com\/media\/logo-icon.svg","width":1,"height":1,"caption":"Adri\u00e1n Gim\u00e9nez Molina"},"logo":{"@id":"https:\/\/adrgimenez.com\/media\/logo-icon.svg"}}]}},"_links":{"self":[{"href":"https:\/\/adrgimenez.com\/en\/wp-json\/wp\/v2\/pages\/25","targetHints":{"allow":["GET"]}}],"collection":[{"href":"https:\/\/adrgimenez.com\/en\/wp-json\/wp\/v2\/pages"}],"about":[{"href":"https:\/\/adrgimenez.com\/en\/wp-json\/wp\/v2\/types\/page"}],"author":[{"embeddable":true,"href":"https:\/\/adrgimenez.com\/en\/wp-json\/wp\/v2\/users\/5"}],"replies":[{"embeddable":true,"href":"https:\/\/adrgimenez.com\/en\/wp-json\/wp\/v2\/comments?post=25"}],"version-history":[{"count":0,"href":"https:\/\/adrgimenez.com\/en\/wp-json\/wp\/v2\/pages\/25\/revisions"}],"wp:attachment":[{"href":"https:\/\/adrgimenez.com\/en\/wp-json\/wp\/v2\/media?parent=25"}],"curies":[{"name":"wp","href":"https:\/\/api.w.org\/{rel}","templated":true}]}}