{"id":23,"date":"2024-09-13T11:58:33","date_gmt":"2024-09-13T09:58:33","guid":{"rendered":"https:\/\/adrgimenez.com\/?page_id=23"},"modified":"2024-10-14T17:48:13","modified_gmt":"2024-10-14T15:48:13","slug":"servicios","status":"publish","type":"page","link":"https:\/\/adrgimenez.com\/en\/servicios\/","title":{"rendered":"Services"},"content":{"rendered":"<div class=\"wp-block-group alignfull is-layout-grid wp-container-core-group-is-layout-3989283c wp-block-group-is-layout-grid\" style=\"padding-top:0;padding-right:0;padding-bottom:0;padding-left:0\">\n<aside class=\"wp-block-group adr_grid_span-row wp-container-content-8e849ed7 has-global-padding is-content-justification-left is-layout-constrained wp-container-core-group-is-layout-3540e7cd wp-block-group-is-layout-constrained\">\n<div class=\"wp-block-buttons wp-container-content-7d7553e9 is-layout-flex wp-container-core-buttons-is-layout-466afcab wp-block-buttons-is-layout-flex\">\n<div class=\"wp-block-button has-custom-width wp-block-button__width-100\"><a class=\"wp-block-button__link has-text-align-left wp-element-button\" href=\"#traduccion\">Translation<\/a><\/div>\n\n\n\n<div class=\"wp-block-button has-custom-width wp-block-button__width-100\"><a class=\"wp-block-button__link has-text-align-left wp-element-button\" href=\"#correccion\">Proofreading and editing<\/a><\/div>\n\n\n\n<div class=\"wp-block-button has-custom-width wp-block-button__width-100\"><a class=\"wp-block-button__link has-text-align-left wp-element-button\" href=\"#interpretacion\">Interpretation<\/a><\/div>\n<\/div>\n<\/aside>\n\n\n\n<div id=\"traduccion\" class=\"wp-block-group adr_grid_skip-1-column wp-container-content-e7ae11d4 has-global-padding is-content-justification-left is-layout-constrained wp-container-core-group-is-layout-0b710646 wp-block-group-is-layout-constrained\">\n<div class=\"wp-block-group alignfull is-layout-flow wp-container-core-group-is-layout-7b84fc15 wp-block-group-is-layout-flow\" style=\"padding-top:0;padding-bottom:0\">\n<h2 class=\"wp-block-heading alignfull\">GENERAL TRANSLATION<\/h2>\n\n\n\n<p><em>(English, French, Catalan, Spanish &gt; Spanish, Catalan)<\/em><\/p>\n\n\n\n<p>Some translations, due to their less specific nature, do not require specific technical knowledge, although this does not mean that it is not necessary to document and work on the text with care. This may be a business report, a company's product or service catalog, a resume or a restaurant menu, to name just a few examples of the type of generalist translations I have done. I will be happy to help you translate any kind of general text you have in hand into another language.<\/p>\n<\/div>\n\n\n\n<div class=\"wp-block-group alignfull is-layout-flow wp-container-core-group-is-layout-7b84fc15 wp-block-group-is-layout-flow\" style=\"padding-top:0;padding-bottom:0\">\n<h2 class=\"wp-block-heading alignfull\">VIDEO GAME LOCALIZATION<\/h2>\n\n\n\n<p><em>(English, French, Catalan, Spanish &gt; Spanish, Catalan)<\/em><\/p>\n\n\n\n<p>Video game localization has its own rules and requires specific knowledge, since the medium imposes a series of restrictions and particularities (space limitations, code tags, platform characteristics, etc.). In addition, it is essential to know how to capture the tone of the game, understand the mechanics and be familiar with the characteristics and culture of the target audience to ensure the success of the game in the target market. Thanks to the vast experience I have acquired as a gamer over more than two decades with more than ten different systems and hundreds of titles behind me, as well as my professional experience working on projects for companies such as Singularity 6 Corportation, Nurogames or SUPERLUMEN, I will make sure that your title is up to the market's demands.<\/p>\n<\/div>\n\n\n\n<div class=\"wp-block-group alignfull is-layout-flow wp-container-core-group-is-layout-7b84fc15 wp-block-group-is-layout-flow\" style=\"padding-top:0;padding-bottom:0\">\n<h2 class=\"wp-block-heading alignfull\">LITERARY TRANSLATION, ESSAYS, GRAPHIC NOVELS AND COMIC BOOKS<\/h2>\n\n\n\n<p><em>(English, French, Catalan, Spanish &gt; Spanish, Catalan)<\/em><\/p>\n\n\n\n<p>Literary texts require a different sensitivity and approach than other types of translations. Not only is it necessary to know the characteristics of the genre in order to capture the tone and style of the text, but it is also essential to provide them with an appropriate lexicon and to know how to play with language in order to avoid literalism, a mistake that can sometimes turn a text full of life into an empty shell. The same can be said of graphic novels and comics, where factors such as spatial limitation or the representation of feigned orality also come into play. I am at your disposal if you need someone who understands the importance of the text for its author and who is able to translate while maintaining the essence and personality of the original text.<\/p>\n<\/div>\n\n\n\n<div class=\"wp-block-group alignfull is-layout-flow wp-container-core-group-is-layout-7b84fc15 wp-block-group-is-layout-flow\" style=\"padding-top:0;padding-bottom:0\">\n<h2 class=\"wp-block-heading alignfull\">LEGAL TRANSLATION<\/h2>\n\n\n\n<p><em>(English &gt; Spanish)<\/em><\/p>\n\n\n\n<p id=\"traduccion-juridica\">Translating a legal text involves a double difficulty, since it is not only necessary to know the legal system of the country of origin, but also that of the country of arrival, where often there may not be clear equivalences. Moreover, unlike other types of language, which tend to describe a pre-existing reality, legal language, which is technical and often cumbersome, creates a reality in itself as it materializes and has tangible repercussions. Therefore, translating a legal text is an activity that requires extensive preparation, documentation skills and access to a number of specific resources. Having sources of reference such as the <em>Black's Law Dictionary<\/em>the <em>Barron's Law Dictionary<\/em> or the <em>Dictionary of legal terms<\/em> by Enrique Alcaraz Var\u00f3, as well as other of his reference works on the study of legal texts and their implications, in addition to my more than 200 hours of specific training and my professional experience, enable me to carry out this task. Whether it is contracts, corporate statutes, court judgments, wills or any other type of legal text, I will ensure that your documents are translated accurately and clearly.<\/p>\n<\/div>\n\n\n\n<div class=\"wp-block-group alignfull is-layout-flow wp-container-core-group-is-layout-7b84fc15 wp-block-group-is-layout-flow\" style=\"padding-top:0;padding-bottom:0\">\n<h2 class=\"wp-block-heading alignfull\">ACADEMIC AND EDUCATIONAL TRANSLATION<\/h2>\n\n\n\n<p><em>(English, French, Catalan, Spanish &gt; Spanish, Catalan)<\/em><\/p>\n\n\n\n<p>Thanks to my more than seven years of professional activity in the field of teaching and my background in language teaching, I have accumulated a wealth of experience in the academic and educational sector. My mastery of terminology, knowledge of the subject matter and understanding of the needs of teachers and students allow me to approach this type of texts with confidence and guarantees that the translation will meet the requirements of such a crucial field as education.<\/p>\n<\/div>\n\n\n\n<div class=\"wp-block-group alignfull is-layout-flow wp-container-core-group-is-layout-7b84fc15 wp-block-group-is-layout-flow\" style=\"padding-top:0;padding-bottom:0\">\n<h2 class=\"wp-block-heading alignfull\" id=\"posedicion\">POSEDITION<\/h2>\n\n\n\n<p><em>(English, French, Catalan, Spanish &gt; Spanish, Catalan)<\/em><\/p>\n\n\n\n<p>Times are moving at an ever-increasing pace and the need for immediacy, coupled with technological progress, has cemented a series of changes in the translation industry that are here to stay. While this type of translation is not suitable for all types of documents, processing general texts with neural machine translation (NMT) or artificial intelligence tools can speed up the translation process in certain contexts and reduce the associated costs. If you are looking for a more economical and diligent option, but without giving up the human touch and expert review that organic translators provide, this may be the right choice.<\/p>\n<\/div>\n<\/div>\n\n\n\n<div id=\"correccion\" class=\"wp-block-group adr_grid_skip-1-column wp-container-content-e7ae11d4 has-global-padding is-content-justification-left is-layout-constrained wp-container-core-group-is-layout-0b710646 wp-block-group-is-layout-constrained\">\n<div class=\"wp-block-group alignfull is-layout-flow wp-container-core-group-is-layout-7b84fc15 wp-block-group-is-layout-flow\" style=\"padding-top:0;padding-bottom:0\">\n<h2 class=\"wp-block-heading alignfull\">SPELLING AND GRAMMAR CORRECTION<\/h2>\n\n\n\n<p><em>(Spanish, Catalan)<\/em><\/p>\n\n\n\n<p>A spelling or grammatical error in the wrong place, as well as a lack of consistency in formats and textual conventions, can spoil all the effort invested in writing a good text and make us lose credibility and relevance. For that reason, a final proofreading is imperative to ensure excellence. Contact me and ask for a quote if you want your text to meet the highest quality standards.<\/p>\n<\/div>\n\n\n\n<div class=\"wp-block-group alignfull is-layout-flow wp-container-core-group-is-layout-7b84fc15 wp-block-group-is-layout-flow\" style=\"padding-top:0;padding-bottom:0\">\n<h2 class=\"wp-block-heading alignfull\">STYLE EDITING<\/h2>\n\n\n\n<p><em>(Spanish, Catalan)<\/em><\/p>\n\n\n\n<p>Language is one of our calling cards. How we express ourselves, the choice of one term over another, uniformity and correctness not only help us to convey an idea, but also provide information about the speaker. If you would like someone to give you a hand to polish your text, organize the content better, or make it more fluid and natural, a style review is just what you need. Together we will make the ideas in your text blossom.<\/p>\n<\/div>\n<\/div>\n\n\n\n<div id=\"interpretacion\" class=\"wp-block-group adr_grid_skip-1-column wp-container-content-e7ae11d4 has-global-padding is-content-justification-left is-layout-constrained wp-container-core-group-is-layout-0b710646 wp-block-group-is-layout-constrained\">\n<div class=\"wp-block-group alignfull is-layout-flow wp-container-core-group-is-layout-7b84fc15 wp-block-group-is-layout-flow\" style=\"padding-top:0;padding-bottom:0\">\n<h2 class=\"wp-block-heading alignfull\">LIAISON INTERPRETING<\/h2>\n\n\n\n<p><em>(English &gt;&lt; Spanish)<\/em><\/p>\n\n\n\n<p>Although closely related to translation, interpreting is a distinct discipline that requires different skills and techniques. Documentation, mental agility, lexical proficiency and, in the case of liaison interpreting, a close relationship, are just some of the keys that guarantee a successful interpretation. Are you looking for an interpreter who is aligned with your project, accompanies you in your meetings and helps you build bridges and close deals successfully, always guaranteeing confidentiality? If so, I am at your disposal.<\/p>\n<\/div>\n\n\n\n<div class=\"wp-block-group alignfull is-layout-flow wp-container-core-group-is-layout-7b84fc15 wp-block-group-is-layout-flow\" style=\"padding-top:0;padding-bottom:0\">\n<h2 class=\"wp-block-heading alignfull\">CONFERENCE INTERPRETING<\/h2>\n\n\n\n<p><em>(English &gt;&lt; Spanish)<\/em><\/p>\n\n\n\n<p>Whether it is simultaneous interpreting in a booth or consecutive interpreting taking notes and then reproducing the speaker's speech, the training I received when I studied conference interpreting in the Master's Degree in Translation, Interpreting and Intercultural Studies at the Autonomous University of Barcelona has provided me with the necessary tools to carry out this type of interpreting. Please contact me for more information.<\/p>\n<\/div>\n<\/div>\n<\/div>","protected":false},"excerpt":{"rendered":"<p>TRADUCCI\u00d3N GENERAL (Ingl\u00e9s, Franc\u00e9s, Catal\u00e1n, Espa\u00f1ol &gt; Espa\u00f1ol, Catal\u00e1n) Algunas traducciones, por su naturaleza menos espec\u00edfica, no requieren de conocimientos t\u00e9cnicos concretos, aunque ello no significa que no sea necesario documentarse y trabajar el texto con delicadeza. Puede tratarse de un informe comercial, el cat\u00e1logo de servicios o productos de una empresa, un curr\u00edculum o [&hellip;]<\/p>\n","protected":false},"author":5,"featured_media":0,"parent":0,"menu_order":0,"comment_status":"closed","ping_status":"open","template":"","meta":{"footnotes":""},"class_list":["post-23","page","type-page","status-publish","hentry"],"yoast_head":"<!-- This site is optimized with the Yoast SEO plugin v27.4 - https:\/\/yoast.com\/product\/yoast-seo-wordpress\/ -->\n<title>Servicios - Adri\u00e1n Gim\u00e9nez<\/title>\n<meta name=\"description\" content=\"Traducci\u00f3n Correcci\u00f3n y edici\u00f3n Interpretaci\u00f3n TRADUCCI\u00d3N GENERAL (Ingl\u00e9s, Franc\u00e9s, Catal\u00e1n, Espa\u00f1ol &gt; Espa\u00f1ol, Catal\u00e1n) Algunas traducciones, por su\" \/>\n<meta name=\"robots\" content=\"index, follow, max-snippet:-1, max-image-preview:large, max-video-preview:-1\" \/>\n<link rel=\"canonical\" href=\"https:\/\/adrgimenez.com\/en\/servicios\/\" \/>\n<meta property=\"og:locale\" content=\"en_US\" \/>\n<meta property=\"og:type\" content=\"article\" \/>\n<meta property=\"og:title\" content=\"Servicios - Adri\u00e1n Gim\u00e9nez\" \/>\n<meta property=\"og:description\" content=\"Traducci\u00f3n Correcci\u00f3n y edici\u00f3n Interpretaci\u00f3n TRADUCCI\u00d3N GENERAL (Ingl\u00e9s, Franc\u00e9s, Catal\u00e1n, Espa\u00f1ol &gt; Espa\u00f1ol, Catal\u00e1n) Algunas traducciones, por su\" \/>\n<meta property=\"og:url\" content=\"https:\/\/adrgimenez.com\/en\/servicios\/\" \/>\n<meta property=\"og:site_name\" content=\"Adri\u00e1n Gim\u00e9nez\" \/>\n<meta property=\"article:modified_time\" content=\"2024-10-14T15:48:13+00:00\" \/>\n<meta property=\"og:image\" content=\"https:\/\/adrgimenez.com\/media\/cover.jpg\" \/>\n\t<meta property=\"og:image:width\" content=\"1200\" \/>\n\t<meta property=\"og:image:height\" content=\"675\" \/>\n\t<meta property=\"og:image:type\" content=\"image\/jpeg\" \/>\n<meta name=\"twitter:card\" content=\"summary_large_image\" \/>\n<script type=\"application\/ld+json\" class=\"yoast-schema-graph\">{\"@context\":\"https:\\\/\\\/schema.org\",\"@graph\":[{\"@type\":\"WebPage\",\"@id\":\"https:\\\/\\\/adrgimenez.com\\\/servicios\\\/\",\"url\":\"https:\\\/\\\/adrgimenez.com\\\/servicios\\\/\",\"name\":\"Servicios - Adri\u00e1n Gim\u00e9nez\",\"isPartOf\":{\"@id\":\"https:\\\/\\\/adrgimenez.com\\\/#website\"},\"datePublished\":\"2024-09-13T09:58:33+00:00\",\"dateModified\":\"2024-10-14T15:48:13+00:00\",\"description\":\"Traducci\u00f3n Correcci\u00f3n y edici\u00f3n Interpretaci\u00f3n TRADUCCI\u00d3N GENERAL (Ingl\u00e9s, Franc\u00e9s, Catal\u00e1n, Espa\u00f1ol &gt; Espa\u00f1ol, Catal\u00e1n) Algunas traducciones, por su\",\"breadcrumb\":{\"@id\":\"https:\\\/\\\/adrgimenez.com\\\/servicios\\\/#breadcrumb\"},\"inLanguage\":\"en-US\",\"potentialAction\":[{\"@type\":\"ReadAction\",\"target\":[\"https:\\\/\\\/adrgimenez.com\\\/servicios\\\/\"]}]},{\"@type\":\"BreadcrumbList\",\"@id\":\"https:\\\/\\\/adrgimenez.com\\\/servicios\\\/#breadcrumb\",\"itemListElement\":[{\"@type\":\"ListItem\",\"position\":1,\"name\":\"Portada\",\"item\":\"https:\\\/\\\/adrgimenez.com\\\/\"},{\"@type\":\"ListItem\",\"position\":2,\"name\":\"Servicios\"}]},{\"@type\":\"WebSite\",\"@id\":\"https:\\\/\\\/adrgimenez.com\\\/#website\",\"url\":\"https:\\\/\\\/adrgimenez.com\\\/\",\"name\":\"Adri\u00e1n Gim\u00e9nez\",\"description\":\"Traductor\",\"publisher\":{\"@id\":\"https:\\\/\\\/adrgimenez.com\\\/#\\\/schema\\\/person\\\/1efdf9b6da19e544ccb7d0730bcb8964\"},\"potentialAction\":[{\"@type\":\"SearchAction\",\"target\":{\"@type\":\"EntryPoint\",\"urlTemplate\":\"https:\\\/\\\/adrgimenez.com\\\/?s={search_term_string}\"},\"query-input\":{\"@type\":\"PropertyValueSpecification\",\"valueRequired\":true,\"valueName\":\"search_term_string\"}}],\"inLanguage\":\"en-US\"},{\"@type\":[\"Person\",\"Organization\"],\"@id\":\"https:\\\/\\\/adrgimenez.com\\\/#\\\/schema\\\/person\\\/1efdf9b6da19e544ccb7d0730bcb8964\",\"name\":\"Adri\u00e1n Gim\u00e9nez Molina\",\"image\":{\"@type\":\"ImageObject\",\"inLanguage\":\"en-US\",\"@id\":\"https:\\\/\\\/adrgimenez.com\\\/media\\\/logo-icon.svg\",\"url\":\"https:\\\/\\\/adrgimenez.com\\\/media\\\/logo-icon.svg\",\"contentUrl\":\"https:\\\/\\\/adrgimenez.com\\\/media\\\/logo-icon.svg\",\"width\":1,\"height\":1,\"caption\":\"Adri\u00e1n Gim\u00e9nez Molina\"},\"logo\":{\"@id\":\"https:\\\/\\\/adrgimenez.com\\\/media\\\/logo-icon.svg\"}}]}<\/script>\n<!-- \/ Yoast SEO plugin. -->","yoast_head_json":{"title":"Servicios - Adri\u00e1n Gim\u00e9nez","description":"Traducci\u00f3n Correcci\u00f3n y edici\u00f3n Interpretaci\u00f3n TRADUCCI\u00d3N GENERAL (Ingl\u00e9s, Franc\u00e9s, Catal\u00e1n, Espa\u00f1ol &gt; Espa\u00f1ol, Catal\u00e1n) Algunas traducciones, por su","robots":{"index":"index","follow":"follow","max-snippet":"max-snippet:-1","max-image-preview":"max-image-preview:large","max-video-preview":"max-video-preview:-1"},"canonical":"https:\/\/adrgimenez.com\/en\/servicios\/","og_locale":"en_US","og_type":"article","og_title":"Servicios - Adri\u00e1n Gim\u00e9nez","og_description":"Traducci\u00f3n Correcci\u00f3n y edici\u00f3n Interpretaci\u00f3n TRADUCCI\u00d3N GENERAL (Ingl\u00e9s, Franc\u00e9s, Catal\u00e1n, Espa\u00f1ol &gt; Espa\u00f1ol, Catal\u00e1n) Algunas traducciones, por su","og_url":"https:\/\/adrgimenez.com\/en\/servicios\/","og_site_name":"Adri\u00e1n Gim\u00e9nez","article_modified_time":"2024-10-14T15:48:13+00:00","og_image":[{"width":1200,"height":675,"url":"https:\/\/adrgimenez.com\/media\/cover.jpg","type":"image\/jpeg"}],"twitter_card":"summary_large_image","schema":{"@context":"https:\/\/schema.org","@graph":[{"@type":"WebPage","@id":"https:\/\/adrgimenez.com\/servicios\/","url":"https:\/\/adrgimenez.com\/servicios\/","name":"Servicios - Adri\u00e1n Gim\u00e9nez","isPartOf":{"@id":"https:\/\/adrgimenez.com\/#website"},"datePublished":"2024-09-13T09:58:33+00:00","dateModified":"2024-10-14T15:48:13+00:00","description":"Traducci\u00f3n Correcci\u00f3n y edici\u00f3n Interpretaci\u00f3n TRADUCCI\u00d3N GENERAL (Ingl\u00e9s, Franc\u00e9s, Catal\u00e1n, Espa\u00f1ol &gt; Espa\u00f1ol, Catal\u00e1n) Algunas traducciones, por su","breadcrumb":{"@id":"https:\/\/adrgimenez.com\/servicios\/#breadcrumb"},"inLanguage":"en-US","potentialAction":[{"@type":"ReadAction","target":["https:\/\/adrgimenez.com\/servicios\/"]}]},{"@type":"BreadcrumbList","@id":"https:\/\/adrgimenez.com\/servicios\/#breadcrumb","itemListElement":[{"@type":"ListItem","position":1,"name":"Portada","item":"https:\/\/adrgimenez.com\/"},{"@type":"ListItem","position":2,"name":"Servicios"}]},{"@type":"WebSite","@id":"https:\/\/adrgimenez.com\/#website","url":"https:\/\/adrgimenez.com\/","name":"Adrian Gimenez","description":"Translator","publisher":{"@id":"https:\/\/adrgimenez.com\/#\/schema\/person\/1efdf9b6da19e544ccb7d0730bcb8964"},"potentialAction":[{"@type":"SearchAction","target":{"@type":"EntryPoint","urlTemplate":"https:\/\/adrgimenez.com\/?s={search_term_string}"},"query-input":{"@type":"PropertyValueSpecification","valueRequired":true,"valueName":"search_term_string"}}],"inLanguage":"en-US"},{"@type":["Person","Organization"],"@id":"https:\/\/adrgimenez.com\/#\/schema\/person\/1efdf9b6da19e544ccb7d0730bcb8964","name":"Adri\u00e1n Gim\u00e9nez Molina","image":{"@type":"ImageObject","inLanguage":"en-US","@id":"https:\/\/adrgimenez.com\/media\/logo-icon.svg","url":"https:\/\/adrgimenez.com\/media\/logo-icon.svg","contentUrl":"https:\/\/adrgimenez.com\/media\/logo-icon.svg","width":1,"height":1,"caption":"Adri\u00e1n Gim\u00e9nez Molina"},"logo":{"@id":"https:\/\/adrgimenez.com\/media\/logo-icon.svg"}}]}},"_links":{"self":[{"href":"https:\/\/adrgimenez.com\/en\/wp-json\/wp\/v2\/pages\/23","targetHints":{"allow":["GET"]}}],"collection":[{"href":"https:\/\/adrgimenez.com\/en\/wp-json\/wp\/v2\/pages"}],"about":[{"href":"https:\/\/adrgimenez.com\/en\/wp-json\/wp\/v2\/types\/page"}],"author":[{"embeddable":true,"href":"https:\/\/adrgimenez.com\/en\/wp-json\/wp\/v2\/users\/5"}],"replies":[{"embeddable":true,"href":"https:\/\/adrgimenez.com\/en\/wp-json\/wp\/v2\/comments?post=23"}],"version-history":[{"count":0,"href":"https:\/\/adrgimenez.com\/en\/wp-json\/wp\/v2\/pages\/23\/revisions"}],"wp:attachment":[{"href":"https:\/\/adrgimenez.com\/en\/wp-json\/wp\/v2\/media?parent=23"}],"curies":[{"name":"wp","href":"https:\/\/api.w.org\/{rel}","templated":true}]}}